{"id":7930,"date":"2024-06-13T12:12:24","date_gmt":"2024-06-13T10:12:24","guid":{"rendered":"https:\/\/pasprint.be\/impression-textile\/impression-de-tote-bags\/"},"modified":"2025-07-14T15:45:35","modified_gmt":"2025-07-14T13:45:35","slug":"impression-de-tote-bags","status":"publish","type":"page","link":"https:\/\/pasprint.be\/fr\/impression-textile\/impression-de-tote-bags\/","title":{"rendered":"Impression de tote bags"},"content":{"rendered":"\t\t<div data-elementor-type=\"wp-page\" data-elementor-id=\"7930\" class=\"elementor elementor-7930 elementor-3363\" data-elementor-post-type=\"page\">\n\t\t\t\t<div class=\"elementor-element elementor-element-6ab96f40 intro-tekst e-flex e-con-boxed e-con e-parent\" data-id=\"6ab96f40\" data-element_type=\"container\">\n\t\t\t\t\t<div class=\"e-con-inner\">\n\t\t<div class=\"elementor-element elementor-element-23a0fd6b e-con-full e-flex e-con e-child\" data-id=\"23a0fd6b\" data-element_type=\"container\">\n\t\t\t\t<div class=\"elementor-element elementor-element-1cb87c12 elementor-widget elementor-widget-heading\" data-id=\"1cb87c12\" data-element_type=\"widget\" data-widget_type=\"heading.default\">\n\t\t\t\t<div class=\"elementor-widget-container\">\n\t\t\t\t\t<h2 class=\"elementor-heading-title elementor-size-default\">Impression de tote bags<\/h2>\t\t\t\t<\/div>\n\t\t\t\t<\/div>\n\t\t\t\t<\/div>\n\t\t<div class=\"elementor-element elementor-element-244f6d e-con-full e-flex e-con e-child\" data-id=\"244f6d\" data-element_type=\"container\">\n\t\t\t\t<div class=\"elementor-element elementor-element-67d0a2a elementor-widget elementor-widget-image\" data-id=\"67d0a2a\" data-element_type=\"widget\" data-widget_type=\"image.default\">\n\t\t\t\t<div class=\"elementor-widget-container\">\n\t\t\t\t\t\t\t\t\t\t\t\t\t\t\t<img fetchpriority=\"high\" decoding=\"async\" width=\"900\" height=\"410\" src=\"https:\/\/pasprint.be\/wp-content\/uploads\/2024\/06\/header-workwear3-1024x466.jpeg\" class=\" attachment-large size-large wp-image-2420\" alt=\"\" srcset=\"https:\/\/pasprint.be\/wp-content\/uploads\/2024\/06\/header-workwear3-1024x466.jpeg 1024w, https:\/\/pasprint.be\/wp-content\/uploads\/2024\/06\/header-workwear3-300x136.jpeg 300w, https:\/\/pasprint.be\/wp-content\/uploads\/2024\/06\/header-workwear3-768x349.jpeg 768w, https:\/\/pasprint.be\/wp-content\/uploads\/2024\/06\/header-workwear3.jpeg 1440w\" sizes=\"(max-width: 900px) 100vw, 900px\" \/>\t\t\t\t\t\t\t\t\t\t\t\t\t\t\t<\/div>\n\t\t\t\t<\/div>\n\t\t\t\t<\/div>\n\t\t<div class=\"elementor-element elementor-element-3974a38f e-con-full e-flex e-con e-child\" data-id=\"3974a38f\" data-element_type=\"container\">\n\t\t\t\t<\/div>\n\t\t\t\t\t<\/div>\n\t\t\t\t<\/div>\n\t\t<div class=\"elementor-element elementor-element-49c9d409 intro-tekst e-flex e-con-boxed e-con e-parent\" data-id=\"49c9d409\" data-element_type=\"container\" data-settings=\"{&quot;background_background&quot;:&quot;classic&quot;}\">\n\t\t\t\t\t<div class=\"e-con-inner\">\n\t\t<div class=\"elementor-element elementor-element-423302f3 e-con-full e-flex e-con e-child\" data-id=\"423302f3\" data-element_type=\"container\">\n\t\t\t\t<div class=\"elementor-element elementor-element-bd9ee91 elementor-widget elementor-widget-heading\" data-id=\"bd9ee91\" data-element_type=\"widget\" data-widget_type=\"heading.default\">\n\t\t\t\t<div class=\"elementor-widget-container\">\n\t\t\t\t\t<h2 class=\"elementor-heading-title elementor-size-default\">Impression de tote bags<\/h2>\t\t\t\t<\/div>\n\t\t\t\t<\/div>\n\t\t\t\t<div class=\"elementor-element elementor-element-2606ba5 elementor-widget__width-inherit elementor-widget elementor-widget-text-editor\" data-id=\"2606ba5\" data-element_type=\"widget\" data-widget_type=\"text-editor.default\">\n\t\t\t\t<div class=\"elementor-widget-container\">\n\t\t\t\t\t\t\t\t\t<p>Vous cherchez le cadeau parfait, des cadeaux personnalis\u00e9s ou peut-\u00eatre une mani\u00e8re originale d&rsquo;offrir \u00e0 vos clients un souvenir sympa ? Le tote bag est plus tendance que jamais. <\/p>\n<p>Imprimer vos tote bags ? C&rsquo;est sans aucun doute chez PAS. Nos ann\u00e9es d&rsquo;exp\u00e9rience garantissent une qualit\u00e9 \u00e0 toute \u00e9preuve. Nous r\u00e9ussissons syst\u00e9matiquement \u00e0 imprimer des tote bags que vous pourrez utiliser pendant des ann\u00e9es. Choisissez le classique tote bag en coton beige ou surprenez tout le monde avec une touche de couleur.   <\/p>\n\t\t\t\t\t\t\t\t<\/div>\n\t\t\t\t<\/div>\n\t\t\t\t<div class=\"elementor-element elementor-element-7d6d5bf elementor-widget elementor-widget-heading\" data-id=\"7d6d5bf\" data-element_type=\"widget\" data-widget_type=\"heading.default\">\n\t\t\t\t<div class=\"elementor-widget-container\">\n\t\t\t\t\t<h2 class=\"elementor-heading-title elementor-size-default\">Pourquoi imprimer des tote bags<\/h2>\t\t\t\t<\/div>\n\t\t\t\t<\/div>\n\t\t\t\t<div class=\"elementor-element elementor-element-2d85552 elementor-widget__width-inherit elementor-widget elementor-widget-text-editor\" data-id=\"2d85552\" data-element_type=\"widget\" data-widget_type=\"text-editor.default\">\n\t\t\t\t<div class=\"elementor-widget-container\">\n\t\t\t\t\t\t\t\t\t<ul>\n<li>\u00c9cologique<\/li>\n<li>Tendance<\/li>\n<li>Personnalis\u00e9<\/li>\n<li>Quelque chose de diff\u00e9rent du stylo standard avec logo<\/li>\n<li>Sac de haute qualit\u00e9 imprim\u00e9 par des professionnels<\/li>\n<\/ul>\n<p>Un tote bag peut contenir uniquement le logo de votre entreprise, mais vous pouvez \u00e9galement opter pour un message, une citation, etc., en lien avec votre \u00e9v\u00e9nement. Ainsi, vos tote bags seront toujours enti\u00e8rement personnalis\u00e9s. Nous serions heureux de discuter des possibilit\u00e9s avec vous.  <\/p>\n<p>Tote Bags dans diff\u00e9rentes couleurs :<\/p>\n<ul>\n<li>blanc<\/li>\n<li>beige (naturel)<\/li>\n<li>noir<\/li>\n<li>vert lime<\/li>\n<li>orange<\/li>\n<li>effet denim<\/li>\n<li>plus de couleurs<\/li>\n<\/ul>\n\t\t\t\t\t\t\t\t<\/div>\n\t\t\t\t<\/div>\n\t\t\t\t<\/div>\n\t\t\t\t\t<\/div>\n\t\t\t\t<\/div>\n\t\t\t\t<\/div>\n\t\t","protected":false},"excerpt":{"rendered":"<p>Impression de tote bags Vous cherchez le cadeau parfait, des cadeaux personnalis\u00e9s ou peut-\u00eatre une mani\u00e8re originale d&rsquo;offrir \u00e0 vos clients un souvenir sympa ? Le tote bag est plus tendance que jamais. Imprimer vos tote bags ? C&rsquo;est sans aucun doute chez PAS. Nos ann\u00e9es d&rsquo;exp\u00e9rience garantissent une qualit\u00e9 \u00e0 toute \u00e9preuve. Nous r\u00e9ussissons [&hellip;]<\/p>\n","protected":false},"author":1,"featured_media":0,"parent":7825,"menu_order":0,"comment_status":"closed","ping_status":"closed","template":"","meta":{"_acf_changed":false,"inline_featured_image":false,"footnotes":""},"class_list":["post-7930","page","type-page","status-publish","hentry"],"acf":[],"yoast_head":"<!-- This site is optimized with the Yoast SEO plugin v26.6 - https:\/\/yoast.com\/wordpress\/plugins\/seo\/ -->\n<title>Impression de tote bags - PAS Print<\/title>\n<meta name=\"robots\" content=\"index, follow, max-snippet:-1, max-image-preview:large, max-video-preview:-1\" \/>\n<link rel=\"canonical\" href=\"https:\/\/pasprint.be\/fr\/impression-textile\/impression-de-tote-bags\/\" \/>\n<meta property=\"og:locale\" content=\"fr_FR\" \/>\n<meta property=\"og:type\" content=\"article\" \/>\n<meta property=\"og:title\" content=\"Impression de tote bags - PAS Print\" \/>\n<meta property=\"og:description\" content=\"Impression de tote bags Vous cherchez le cadeau parfait, des cadeaux personnalis\u00e9s ou peut-\u00eatre une mani\u00e8re originale d&rsquo;offrir \u00e0 vos clients un souvenir sympa ? Le tote bag est plus tendance que jamais. Imprimer vos tote bags ? C&rsquo;est sans aucun doute chez PAS. Nos ann\u00e9es d&rsquo;exp\u00e9rience garantissent une qualit\u00e9 \u00e0 toute \u00e9preuve. Nous r\u00e9ussissons [&hellip;]\" \/>\n<meta property=\"og:url\" content=\"https:\/\/pasprint.be\/fr\/impression-textile\/impression-de-tote-bags\/\" \/>\n<meta property=\"og:site_name\" content=\"PAS Print\" \/>\n<meta property=\"article:modified_time\" content=\"2025-07-14T13:45:35+00:00\" \/>\n<meta property=\"og:image\" content=\"https:\/\/pasprint.be\/wp-content\/uploads\/2024\/06\/header-workwear3.jpeg\" \/>\n\t<meta property=\"og:image:width\" content=\"1440\" \/>\n\t<meta property=\"og:image:height\" content=\"655\" \/>\n\t<meta property=\"og:image:type\" content=\"image\/jpeg\" \/>\n<meta name=\"twitter:card\" content=\"summary_large_image\" \/>\n<meta name=\"twitter:label1\" content=\"Dur\u00e9e de lecture estim\u00e9e\" \/>\n\t<meta name=\"twitter:data1\" content=\"1 minute\" \/>\n<script type=\"application\/ld+json\" class=\"yoast-schema-graph\">{\"@context\":\"https:\/\/schema.org\",\"@graph\":[{\"@type\":\"WebPage\",\"@id\":\"https:\/\/pasprint.be\/fr\/impression-textile\/impression-de-tote-bags\/\",\"url\":\"https:\/\/pasprint.be\/fr\/impression-textile\/impression-de-tote-bags\/\",\"name\":\"Impression de tote bags - PAS Print\",\"isPartOf\":{\"@id\":\"https:\/\/pasprint.be\/#website\"},\"primaryImageOfPage\":{\"@id\":\"https:\/\/pasprint.be\/fr\/impression-textile\/impression-de-tote-bags\/#primaryimage\"},\"image\":{\"@id\":\"https:\/\/pasprint.be\/fr\/impression-textile\/impression-de-tote-bags\/#primaryimage\"},\"thumbnailUrl\":\"https:\/\/pasprint.be\/wp-content\/uploads\/2024\/06\/header-workwear3-1024x466.jpeg\",\"datePublished\":\"2024-06-13T10:12:24+00:00\",\"dateModified\":\"2025-07-14T13:45:35+00:00\",\"breadcrumb\":{\"@id\":\"https:\/\/pasprint.be\/fr\/impression-textile\/impression-de-tote-bags\/#breadcrumb\"},\"inLanguage\":\"fr-FR\",\"potentialAction\":[{\"@type\":\"ReadAction\",\"target\":[\"https:\/\/pasprint.be\/fr\/impression-textile\/impression-de-tote-bags\/\"]}]},{\"@type\":\"ImageObject\",\"inLanguage\":\"fr-FR\",\"@id\":\"https:\/\/pasprint.be\/fr\/impression-textile\/impression-de-tote-bags\/#primaryimage\",\"url\":\"https:\/\/pasprint.be\/wp-content\/uploads\/2024\/06\/header-workwear3-1024x466.jpeg\",\"contentUrl\":\"https:\/\/pasprint.be\/wp-content\/uploads\/2024\/06\/header-workwear3-1024x466.jpeg\"},{\"@type\":\"BreadcrumbList\",\"@id\":\"https:\/\/pasprint.be\/fr\/impression-textile\/impression-de-tote-bags\/#breadcrumb\",\"itemListElement\":[{\"@type\":\"ListItem\",\"position\":1,\"name\":\"Home\",\"item\":\"https:\/\/pasprint.be\/fr\/\"},{\"@type\":\"ListItem\",\"position\":2,\"name\":\"Impression textile\",\"item\":\"https:\/\/pasprint.be\/fr\/impression-textile\/\"},{\"@type\":\"ListItem\",\"position\":3,\"name\":\"Impression de tote bags\"}]},{\"@type\":\"WebSite\",\"@id\":\"https:\/\/pasprint.be\/#website\",\"url\":\"https:\/\/pasprint.be\/\",\"name\":\"PAS Print\",\"description\":\"Textieldrukkerij voor bedrukken en borduren in Antwerpen\",\"publisher\":{\"@id\":\"https:\/\/pasprint.be\/#organization\"},\"potentialAction\":[{\"@type\":\"SearchAction\",\"target\":{\"@type\":\"EntryPoint\",\"urlTemplate\":\"https:\/\/pasprint.be\/?s={search_term_string}\"},\"query-input\":{\"@type\":\"PropertyValueSpecification\",\"valueRequired\":true,\"valueName\":\"search_term_string\"}}],\"inLanguage\":\"fr-FR\"},{\"@type\":\"Organization\",\"@id\":\"https:\/\/pasprint.be\/#organization\",\"name\":\"PAS Print\",\"url\":\"https:\/\/pasprint.be\/\",\"logo\":{\"@type\":\"ImageObject\",\"inLanguage\":\"fr-FR\",\"@id\":\"https:\/\/pasprint.be\/#\/schema\/logo\/image\/\",\"url\":\"https:\/\/pasprint.be\/wp-content\/uploads\/2024\/02\/pasprint_logo.svg\",\"contentUrl\":\"https:\/\/pasprint.be\/wp-content\/uploads\/2024\/02\/pasprint_logo.svg\",\"caption\":\"PAS Print\"},\"image\":{\"@id\":\"https:\/\/pasprint.be\/#\/schema\/logo\/image\/\"}}]}<\/script>\n<!-- \/ Yoast SEO plugin. -->","yoast_head_json":{"title":"Impression de tote bags - PAS Print","robots":{"index":"index","follow":"follow","max-snippet":"max-snippet:-1","max-image-preview":"max-image-preview:large","max-video-preview":"max-video-preview:-1"},"canonical":"https:\/\/pasprint.be\/fr\/impression-textile\/impression-de-tote-bags\/","og_locale":"fr_FR","og_type":"article","og_title":"Impression de tote bags - PAS Print","og_description":"Impression de tote bags Vous cherchez le cadeau parfait, des cadeaux personnalis\u00e9s ou peut-\u00eatre une mani\u00e8re originale d&rsquo;offrir \u00e0 vos clients un souvenir sympa ? Le tote bag est plus tendance que jamais. Imprimer vos tote bags ? C&rsquo;est sans aucun doute chez PAS. Nos ann\u00e9es d&rsquo;exp\u00e9rience garantissent une qualit\u00e9 \u00e0 toute \u00e9preuve. Nous r\u00e9ussissons [&hellip;]","og_url":"https:\/\/pasprint.be\/fr\/impression-textile\/impression-de-tote-bags\/","og_site_name":"PAS Print","article_modified_time":"2025-07-14T13:45:35+00:00","og_image":[{"width":1440,"height":655,"url":"https:\/\/pasprint.be\/wp-content\/uploads\/2024\/06\/header-workwear3.jpeg","type":"image\/jpeg"}],"twitter_card":"summary_large_image","twitter_misc":{"Dur\u00e9e de lecture estim\u00e9e":"1 minute"},"schema":{"@context":"https:\/\/schema.org","@graph":[{"@type":"WebPage","@id":"https:\/\/pasprint.be\/fr\/impression-textile\/impression-de-tote-bags\/","url":"https:\/\/pasprint.be\/fr\/impression-textile\/impression-de-tote-bags\/","name":"Impression de tote bags - PAS Print","isPartOf":{"@id":"https:\/\/pasprint.be\/#website"},"primaryImageOfPage":{"@id":"https:\/\/pasprint.be\/fr\/impression-textile\/impression-de-tote-bags\/#primaryimage"},"image":{"@id":"https:\/\/pasprint.be\/fr\/impression-textile\/impression-de-tote-bags\/#primaryimage"},"thumbnailUrl":"https:\/\/pasprint.be\/wp-content\/uploads\/2024\/06\/header-workwear3-1024x466.jpeg","datePublished":"2024-06-13T10:12:24+00:00","dateModified":"2025-07-14T13:45:35+00:00","breadcrumb":{"@id":"https:\/\/pasprint.be\/fr\/impression-textile\/impression-de-tote-bags\/#breadcrumb"},"inLanguage":"fr-FR","potentialAction":[{"@type":"ReadAction","target":["https:\/\/pasprint.be\/fr\/impression-textile\/impression-de-tote-bags\/"]}]},{"@type":"ImageObject","inLanguage":"fr-FR","@id":"https:\/\/pasprint.be\/fr\/impression-textile\/impression-de-tote-bags\/#primaryimage","url":"https:\/\/pasprint.be\/wp-content\/uploads\/2024\/06\/header-workwear3-1024x466.jpeg","contentUrl":"https:\/\/pasprint.be\/wp-content\/uploads\/2024\/06\/header-workwear3-1024x466.jpeg"},{"@type":"BreadcrumbList","@id":"https:\/\/pasprint.be\/fr\/impression-textile\/impression-de-tote-bags\/#breadcrumb","itemListElement":[{"@type":"ListItem","position":1,"name":"Home","item":"https:\/\/pasprint.be\/fr\/"},{"@type":"ListItem","position":2,"name":"Impression textile","item":"https:\/\/pasprint.be\/fr\/impression-textile\/"},{"@type":"ListItem","position":3,"name":"Impression de tote bags"}]},{"@type":"WebSite","@id":"https:\/\/pasprint.be\/#website","url":"https:\/\/pasprint.be\/","name":"PAS Print","description":"Textieldrukkerij voor bedrukken en borduren in Antwerpen","publisher":{"@id":"https:\/\/pasprint.be\/#organization"},"potentialAction":[{"@type":"SearchAction","target":{"@type":"EntryPoint","urlTemplate":"https:\/\/pasprint.be\/?s={search_term_string}"},"query-input":{"@type":"PropertyValueSpecification","valueRequired":true,"valueName":"search_term_string"}}],"inLanguage":"fr-FR"},{"@type":"Organization","@id":"https:\/\/pasprint.be\/#organization","name":"PAS Print","url":"https:\/\/pasprint.be\/","logo":{"@type":"ImageObject","inLanguage":"fr-FR","@id":"https:\/\/pasprint.be\/#\/schema\/logo\/image\/","url":"https:\/\/pasprint.be\/wp-content\/uploads\/2024\/02\/pasprint_logo.svg","contentUrl":"https:\/\/pasprint.be\/wp-content\/uploads\/2024\/02\/pasprint_logo.svg","caption":"PAS Print"},"image":{"@id":"https:\/\/pasprint.be\/#\/schema\/logo\/image\/"}}]}},"_links":{"self":[{"href":"https:\/\/pasprint.be\/fr\/wp-json\/wp\/v2\/pages\/7930","targetHints":{"allow":["GET"]}}],"collection":[{"href":"https:\/\/pasprint.be\/fr\/wp-json\/wp\/v2\/pages"}],"about":[{"href":"https:\/\/pasprint.be\/fr\/wp-json\/wp\/v2\/types\/page"}],"author":[{"embeddable":true,"href":"https:\/\/pasprint.be\/fr\/wp-json\/wp\/v2\/users\/1"}],"replies":[{"embeddable":true,"href":"https:\/\/pasprint.be\/fr\/wp-json\/wp\/v2\/comments?post=7930"}],"version-history":[{"count":1,"href":"https:\/\/pasprint.be\/fr\/wp-json\/wp\/v2\/pages\/7930\/revisions"}],"predecessor-version":[{"id":7931,"href":"https:\/\/pasprint.be\/fr\/wp-json\/wp\/v2\/pages\/7930\/revisions\/7931"}],"up":[{"embeddable":true,"href":"https:\/\/pasprint.be\/fr\/wp-json\/wp\/v2\/pages\/7825"}],"wp:attachment":[{"href":"https:\/\/pasprint.be\/fr\/wp-json\/wp\/v2\/media?parent=7930"}],"curies":[{"name":"wp","href":"https:\/\/api.w.org\/{rel}","templated":true}]}}